{"id":29827,"date":"2025-05-08T15:36:28","date_gmt":"2025-05-08T19:36:28","guid":{"rendered":"https:\/\/www.polisenomarine.ca\/?page_id=29827"},"modified":"2025-05-15T17:12:14","modified_gmt":"2025-05-15T21:12:14","slug":"entreposage","status":"publish","type":"page","link":"https:\/\/www.polisenomarine.ca\/fr\/entreposage\/","title":{"rendered":"Entreposage"},"content":{"rendered":"<p>Prot\u00e9gez votre bateau ou ponton pendant la saison froide gr\u00e2ce \u00e0 notre service d&rsquo;entreposage. Que vous ayez une petite embarcation ou un grand ponton, nous vous offrons une solution pratique et s\u00e9curis\u00e9e pour pr\u00e9server votre investissement jusqu&rsquo;\u00e0 la prochaine saison.<\/p>\n<p>Profitez de la tranquillit\u00e9 d&rsquo;esprit en sachant que votre embarcation est entre de bonnes mains.<\/p>\n<p><a href=\"https:\/\/www.polisenomarine.ca\/fr\/contact\/\">Contactez-nous<\/a> d\u00e8s aujourd&rsquo;hui pour en savoir plus sur nos options d&rsquo;entreposage et r\u00e9servez votre espace.<\/p>\n","protected":false},"excerpt":{"rendered":"<p>Prot\u00e9gez votre bateau ou ponton pendant la saison froide gr\u00e2ce \u00e0 notre service d&rsquo;entreposage. Que vous ayez une petite embarcation ou un grand ponton, nous vous offrons une solution pratique et s\u00e9curis\u00e9e pour pr\u00e9server votre investissement jusqu&rsquo;\u00e0 la prochaine saison. Profitez de la tranquillit\u00e9 d&rsquo;esprit en sachant que votre embarcation est entre de bonnes mains. &hellip; <a href=\"https:\/\/www.polisenomarine.ca\/fr\/entreposage\/\">Suite<\/a><\/p>\n","protected":false},"author":1,"featured_media":0,"parent":0,"menu_order":0,"comment_status":"closed","ping_status":"closed","template":"template-service.php","meta":[],"acf":{"contact_form_custom_form_id":false,"contact_form_custom_html_id":"","content_featured_type":"image","content_featured_image":{"ID":29928,"id":29928,"title":"img-storage","filename":"img-storage.webp","filesize":25852,"url":"https:\/\/www.polisenomarine.ca\/wp-content\/uploads\/2025\/05\/img-storage.webp","link":"https:\/\/www.polisenomarine.ca\/fr\/locations\/img-storage\/","alt":"","author":"1","description":"","caption":"","name":"img-storage","status":"inherit","uploaded_to":3123,"date":"2025-05-15 21:10:58","modified":"2025-05-15 21:10:58","menu_order":0,"mime_type":"image\/webp","type":"image","subtype":"webp","icon":"https:\/\/www.polisenomarine.ca\/wp-includes\/images\/media\/default.png","width":770,"height":330,"sizes":{"thumbnail":"https:\/\/www.polisenomarine.ca\/wp-content\/uploads\/2025\/05\/img-storage-150x150.webp","thumbnail-width":150,"thumbnail-height":150,"medium":"https:\/\/www.polisenomarine.ca\/wp-content\/uploads\/2025\/05\/img-storage-300x129.webp","medium-width":300,"medium-height":129,"medium_large":"https:\/\/www.polisenomarine.ca\/wp-content\/uploads\/2025\/05\/img-storage-768x329.webp","medium_large-width":768,"medium_large-height":329,"large":"https:\/\/www.polisenomarine.ca\/wp-content\/uploads\/2025\/05\/img-storage.webp","large-width":770,"large-height":330,"1536x1536":"https:\/\/www.polisenomarine.ca\/wp-content\/uploads\/2025\/05\/img-storage.webp","1536x1536-width":770,"1536x1536-height":330,"2048x2048":"https:\/\/www.polisenomarine.ca\/wp-content\/uploads\/2025\/05\/img-storage.webp","2048x2048-width":770,"2048x2048-height":330,"article-details":"https:\/\/www.polisenomarine.ca\/wp-content\/uploads\/2025\/05\/img-storage-745x319.webp","article-details-width":745,"article-details-height":319,"article-listing":"https:\/\/www.polisenomarine.ca\/wp-content\/uploads\/2025\/05\/img-storage-745x319.webp","article-listing-width":745,"article-listing-height":319,"event-details":"https:\/\/www.polisenomarine.ca\/wp-content\/uploads\/2025\/05\/img-storage-745x319.webp","event-details-width":745,"event-details-height":319,"event-listing":"https:\/\/www.polisenomarine.ca\/wp-content\/uploads\/2025\/05\/img-storage-745x319.webp","event-listing-width":745,"event-listing-height":319,"feat-article":"https:\/\/www.polisenomarine.ca\/wp-content\/uploads\/2025\/05\/img-storage-720x309.webp","feat-article-width":720,"feat-article-height":309,"feat-cta":"https:\/\/www.polisenomarine.ca\/wp-content\/uploads\/2025\/05\/img-storage-745x319.webp","feat-cta-width":745,"feat-cta-height":319,"feat-content":"https:\/\/www.polisenomarine.ca\/wp-content\/uploads\/2025\/05\/img-storage-745x319.webp","feat-content-width":745,"feat-content-height":319,"feat-event":"https:\/\/www.polisenomarine.ca\/wp-content\/uploads\/2025\/05\/img-storage-720x309.webp","feat-event-width":720,"feat-event-height":309,"feat-makes":"https:\/\/www.polisenomarine.ca\/wp-content\/uploads\/2025\/05\/img-storage-187x80.webp","feat-makes-width":187,"feat-makes-height":80,"feat-related":"https:\/\/www.polisenomarine.ca\/wp-content\/uploads\/2025\/05\/img-storage-720x309.webp","feat-related-width":720,"feat-related-height":309,"filter-category":"https:\/\/www.polisenomarine.ca\/wp-content\/uploads\/2025\/05\/img-storage-486x330.webp","filter-category-width":486,"filter-category-height":330,"products-listing-new":"https:\/\/www.polisenomarine.ca\/wp-content\/uploads\/2025\/05\/img-storage-460x197.webp","products-listing-new-width":460,"products-listing-new-height":197,"products-gallery":"https:\/\/www.polisenomarine.ca\/wp-content\/uploads\/2025\/05\/img-storage-745x319.webp","products-gallery-width":745,"products-gallery-height":319,"promos-details":"https:\/\/www.polisenomarine.ca\/wp-content\/uploads\/2025\/05\/img-storage-745x319.webp","promos-details-width":745,"promos-details-height":319,"promos-listing":"https:\/\/www.polisenomarine.ca\/wp-content\/uploads\/2025\/05\/img-storage-745x319.webp","promos-listing-width":745,"promos-listing-height":319,"relative-product-article":"https:\/\/www.polisenomarine.ca\/wp-content\/uploads\/2025\/05\/img-storage-745x319.webp","relative-product-article-width":745,"relative-product-article-height":319,"relative-product-event":"https:\/\/www.polisenomarine.ca\/wp-content\/uploads\/2025\/05\/img-storage-745x319.webp","relative-product-event-width":745,"relative-product-event-height":319,"relative-product-new":"https:\/\/www.polisenomarine.ca\/wp-content\/uploads\/2025\/05\/img-storage-690x296.webp","relative-product-new-width":690,"relative-product-new-height":296,"relative-product-promo":"https:\/\/www.polisenomarine.ca\/wp-content\/uploads\/2025\/05\/img-storage-745x319.webp","relative-product-promo-width":745,"relative-product-promo-height":319,"slider-main":"https:\/\/www.polisenomarine.ca\/wp-content\/uploads\/2025\/05\/img-storage.webp","slider-main-width":770,"slider-main-height":330,"slider-main-mobile":"https:\/\/www.polisenomarine.ca\/wp-content\/uploads\/2025\/05\/img-storage.webp","slider-main-mobile-width":770,"slider-main-mobile-height":330,"slider-main-fullwidth":"https:\/\/www.polisenomarine.ca\/wp-content\/uploads\/2025\/05\/img-storage.webp","slider-main-fullwidth-width":770,"slider-main-fullwidth-height":330,"slider-main-fullwidth-narrow":"https:\/\/www.polisenomarine.ca\/wp-content\/uploads\/2025\/05\/img-storage.webp","slider-main-fullwidth-narrow-width":770,"slider-main-fullwidth-narrow-height":330,"map-footer":"https:\/\/www.polisenomarine.ca\/wp-content\/uploads\/2025\/05\/img-storage.webp","map-footer-width":770,"map-footer-height":330,"map-footer-mobile":"https:\/\/www.polisenomarine.ca\/wp-content\/uploads\/2025\/05\/img-storage.webp","map-footer-mobile-width":770,"map-footer-mobile-height":330,"map-footer-fullwidth":"https:\/\/www.polisenomarine.ca\/wp-content\/uploads\/2025\/05\/img-storage.webp","map-footer-fullwidth-width":770,"map-footer-fullwidth-height":330,"map-footer-fullwidth-narrow":"https:\/\/www.polisenomarine.ca\/wp-content\/uploads\/2025\/05\/img-storage.webp","map-footer-fullwidth-narrow-width":770,"map-footer-fullwidth-narrow-height":330,"team-listing":"https:\/\/www.polisenomarine.ca\/wp-content\/uploads\/2025\/05\/img-storage-450x193.webp","team-listing-width":450,"team-listing-height":193,"team-sidebar":"https:\/\/www.polisenomarine.ca\/wp-content\/uploads\/2025\/05\/img-storage-720x309.webp","team-sidebar-width":720,"team-sidebar-height":309,"history-timeline":"https:\/\/www.polisenomarine.ca\/wp-content\/uploads\/2025\/05\/img-storage-380x163.webp","history-timeline-width":380,"history-timeline-height":163,"automatic-popup":"https:\/\/www.polisenomarine.ca\/wp-content\/uploads\/2025\/05\/img-storage.webp","automatic-popup-width":770,"automatic-popup-height":330,"wc-feat-brands":"https:\/\/www.polisenomarine.ca\/wp-content\/uploads\/2025\/05\/img-storage-175x75.webp","wc-feat-brands-width":175,"wc-feat-brands-height":75,"wc-products-details-brands":"https:\/\/www.polisenomarine.ca\/wp-content\/uploads\/2025\/05\/img-storage-175x75.webp","wc-products-details-brands-width":175,"wc-products-details-brands-height":75}}},"_links":{"self":[{"href":"https:\/\/www.polisenomarine.ca\/fr\/wp-json\/wp\/v2\/pages\/29827"}],"collection":[{"href":"https:\/\/www.polisenomarine.ca\/fr\/wp-json\/wp\/v2\/pages"}],"about":[{"href":"https:\/\/www.polisenomarine.ca\/fr\/wp-json\/wp\/v2\/types\/page"}],"author":[{"embeddable":true,"href":"https:\/\/www.polisenomarine.ca\/fr\/wp-json\/wp\/v2\/users\/1"}],"replies":[{"embeddable":true,"href":"https:\/\/www.polisenomarine.ca\/fr\/wp-json\/wp\/v2\/comments?post=29827"}],"version-history":[{"count":4,"href":"https:\/\/www.polisenomarine.ca\/fr\/wp-json\/wp\/v2\/pages\/29827\/revisions"}],"predecessor-version":[{"id":29933,"href":"https:\/\/www.polisenomarine.ca\/fr\/wp-json\/wp\/v2\/pages\/29827\/revisions\/29933"}],"wp:attachment":[{"href":"https:\/\/www.polisenomarine.ca\/fr\/wp-json\/wp\/v2\/media?parent=29827"}],"curies":[{"name":"wp","href":"https:\/\/api.w.org\/{rel}","templated":true}]}}