{"id":303,"date":"2017-11-09T15:10:39","date_gmt":"2017-11-09T15:10:39","guid":{"rendered":"http:\/\/wp-master-powergo.eliappwordpress1sto.elisys-servers.ca\/?page_id=303"},"modified":"2025-05-16T13:28:26","modified_gmt":"2025-05-16T17:28:26","slug":"produits-occasion","status":"publish","type":"page","link":"https:\/\/www.polisenomarine.ca\/fr\/produits-occasion\/","title":{"rendered":"Inventaire d\u2019occasion"},"content":{"rendered":"<p>Envie de vous procurer un nouveau bateau sans la facture d\u2019un <a href=\"https:\/\/www.polisenomarine.ca\/fr\/inventaire-neuf\/\">produit neuf<\/a>? Notre <strong>inventaire d\u2019occasion<\/strong> est l\u2019endroit o\u00f9 il faut \u00eatre!<\/p>\n<div class=\"textMore\">\n<p>Notre inventaire de produits de seconde main inclut, entre autres, des <strong>bateaux<\/strong> et <strong>pontons<\/strong> de toutes les grandes marques. Soyez rassur\u00e9\u00b7e\u00b7s, tous nos produits usag\u00e9s sont soumis \u00e0 l\u2019inspection rigoureuse de notre \u00e9quipe de technicien\u00b7ne\u00b7s d\u2019exp\u00e9rience. Avec notre <a href=\"https:\/\/www.polisenomarine.ca\/fr\/service-apres-vente\/\">d\u00e9partement de service<\/a> comp\u00e9tent, partez \u00e0 l\u2019aventure l\u2019esprit tranquille!<\/p>\n<p>Un mod\u00e8le en particulier vous est tomb\u00e9 dans l&rsquo;\u0153il? Vous avez des questions concernant notre inventaire d\u2019occasion? <a href=\"https:\/\/www.polisenomarine.ca\/fr\/contact\/\">Contactez notre \u00e9quipe d\u2019expert\u00b7e\u00b7s<\/a>! Nous saurons vous guider et vous conseiller avec plaisir.<\/p>\n<p>Passez nous voir en concession chez Poliseno Marine \u00e0 <strong>Oka<\/strong>, dans la grande r\u00e9gion des Laurentides!<\/p>\n<\/div>\n","protected":false},"excerpt":{"rendered":"<p>Envie de vous procurer un nouveau bateau sans la facture d\u2019un produit neuf? Notre inventaire d\u2019occasion est l\u2019endroit o\u00f9 il faut \u00eatre! Notre inventaire de produits de seconde main inclut, entre autres, des bateaux et pontons de toutes les grandes marques. Soyez rassur\u00e9\u00b7e\u00b7s, tous nos produits usag\u00e9s sont soumis \u00e0 l\u2019inspection rigoureuse de notre \u00e9quipe &hellip; <a href=\"https:\/\/www.polisenomarine.ca\/fr\/produits-occasion\/\">Suite<\/a><\/p>\n","protected":false},"author":1,"featured_media":0,"parent":0,"menu_order":0,"comment_status":"closed","ping_status":"closed","template":"template-listing-used-products.php","meta":[],"acf":{"content_featured_type":"","page_arg_used":true,"page_arg_custom":false,"page_arg_filters_used":[{"field":"condition","compare":"=","value":"V\u00e9hicule d'occasion","type":""}],"contact_form_custom_html_id":"","contact_form_custom_form_id":false},"_links":{"self":[{"href":"https:\/\/www.polisenomarine.ca\/fr\/wp-json\/wp\/v2\/pages\/303"}],"collection":[{"href":"https:\/\/www.polisenomarine.ca\/fr\/wp-json\/wp\/v2\/pages"}],"about":[{"href":"https:\/\/www.polisenomarine.ca\/fr\/wp-json\/wp\/v2\/types\/page"}],"author":[{"embeddable":true,"href":"https:\/\/www.polisenomarine.ca\/fr\/wp-json\/wp\/v2\/users\/1"}],"replies":[{"embeddable":true,"href":"https:\/\/www.polisenomarine.ca\/fr\/wp-json\/wp\/v2\/comments?post=303"}],"version-history":[{"count":12,"href":"https:\/\/www.polisenomarine.ca\/fr\/wp-json\/wp\/v2\/pages\/303\/revisions"}],"predecessor-version":[{"id":29953,"href":"https:\/\/www.polisenomarine.ca\/fr\/wp-json\/wp\/v2\/pages\/303\/revisions\/29953"}],"wp:attachment":[{"href":"https:\/\/www.polisenomarine.ca\/fr\/wp-json\/wp\/v2\/media?parent=303"}],"curies":[{"name":"wp","href":"https:\/\/api.w.org\/{rel}","templated":true}]}}