{"id":3123,"date":"2017-12-26T16:38:28","date_gmt":"2017-12-26T21:38:28","guid":{"rendered":"http:\/\/wp-pgs-master.eliappwordpress1sto.elisys-servers.ca\/?page_id=3123"},"modified":"2025-05-27T09:32:07","modified_gmt":"2025-05-27T13:32:07","slug":"locations","status":"publish","type":"page","link":"https:\/\/www.polisenomarine.ca\/fr\/locations\/","title":{"rendered":"Location de bateaux"},"content":{"rendered":"<p><img class=\"\" src=\"https:\/\/www.polisenomarine.ca\/wp-content\/uploads\/2025\/05\/img-location.jpg\" alt=\"\" \/><\/p>\n<h2>Une alternative intelligente \u00e0 la propri\u00e9t\u00e9 d\u2019un bateau : Le Club de Partage de Poliseno Marine<\/h2>\n<p>Depuis bient\u00f4t 5 ans, Poliseno Marine propose une solution unique et accessible \u00e0 ses installations situ\u00e9es \u00e0 Oka, sur les rives du lac des Deux Montagnes : un club de partage nautique qui red\u00e9finit la mani\u00e8re de profiter de la navigation.<\/p>\n<div class=\"textMore mobile\">\n<p>Plut\u00f4t que de poss\u00e9der un bateau \u2013 avec tous les frais et responsabilit\u00e9s que cela implique \u2013 adh\u00e9rez \u00e0 notre club exclusif et profitez de tous les avantages, sans les inconv\u00e9nients.<\/p>\n<h3>Comment \u00e7a fonctionne?<\/h3>\n<ul>\n<li>Un droit d\u2019adh\u00e9sion unique, suivi d\u2019un frais mensuel seulement pendant la saison estivale<\/li>\n<li>Acc\u00e8s \u00e0 une flotte d\u2019embarcations r\u00e9centes, en parfait \u00e9tat, comme si elles \u00e9taient \u00e0 vous<\/li>\n<li>R\u00e9servation simple et rapide via un site web convivial<\/li>\n<li>Possibilit\u00e9 de naviguer autant de jours que vous le souhaitez pendant la saison<\/li>\n<li>Aucun souci d\u2019entretien, d\u2019assurance, de nettoyage, de frais de marina ou d\u2019entreposage<\/li>\n<\/ul>\n<p>En tant que membre, vous profitez aussi d\u2019un acc\u00e8s privil\u00e9gi\u00e9 au yacht club et \u00e0 un service professionnel tout au long de la saison.<\/p>\n<h3>Pour qui?<\/h3>\n<p>Ce club s\u2019adresse autant :<\/p>\n<ul>\n<li>Aux passionn\u00e9s de navigation qui veulent profiter de l\u2019eau sans contraintes<\/li>\n<li>Qu\u2019\u00e0 ceux pour qui la propri\u00e9t\u00e9 d\u2019un bateau n\u2019est pas accessible ou souhait\u00e9e<\/li>\n<\/ul>\n<p>Imaginez : naviguer tout l\u2019\u00e9t\u00e9 \u00e0 bord d\u2019un bateau haut de gamme, pour une fraction du prix de la propri\u00e9t\u00e9, sans aucun tracas.<\/p>\n<p>Rejoignez le <a href=\"https:\/\/carefreeboats.com\/locations\/montreal\/\" target=\"_blank\" rel=\"noopener\">Club de Partage<\/a> de Poliseno Marine \u2013 la libert\u00e9 de naviguer, sans les responsabilit\u00e9s.<\/p>\n<\/div>\n","protected":false},"excerpt":{"rendered":"<p>Une alternative intelligente \u00e0 la propri\u00e9t\u00e9 d\u2019un bateau : Le Club de Partage de Poliseno Marine Depuis bient\u00f4t 5 ans, Poliseno Marine propose une solution unique et accessible \u00e0 ses installations situ\u00e9es \u00e0 Oka, sur les rives du lac des Deux Montagnes : un club de partage nautique qui red\u00e9finit la mani\u00e8re de profiter de &hellip; <a href=\"https:\/\/www.polisenomarine.ca\/fr\/locations\/\">Suite<\/a><\/p>\n","protected":false},"author":1,"featured_media":0,"parent":0,"menu_order":0,"comment_status":"closed","ping_status":"closed","template":"template-listing-rental-products.php","meta":[],"acf":{"content_featured_type":"","contact_form_custom_form_id":false,"contact_form_custom_html_id":""},"_links":{"self":[{"href":"https:\/\/www.polisenomarine.ca\/fr\/wp-json\/wp\/v2\/pages\/3123"}],"collection":[{"href":"https:\/\/www.polisenomarine.ca\/fr\/wp-json\/wp\/v2\/pages"}],"about":[{"href":"https:\/\/www.polisenomarine.ca\/fr\/wp-json\/wp\/v2\/types\/page"}],"author":[{"embeddable":true,"href":"https:\/\/www.polisenomarine.ca\/fr\/wp-json\/wp\/v2\/users\/1"}],"replies":[{"embeddable":true,"href":"https:\/\/www.polisenomarine.ca\/fr\/wp-json\/wp\/v2\/comments?post=3123"}],"version-history":[{"count":8,"href":"https:\/\/www.polisenomarine.ca\/fr\/wp-json\/wp\/v2\/pages\/3123\/revisions"}],"predecessor-version":[{"id":29986,"href":"https:\/\/www.polisenomarine.ca\/fr\/wp-json\/wp\/v2\/pages\/3123\/revisions\/29986"}],"wp:attachment":[{"href":"https:\/\/www.polisenomarine.ca\/fr\/wp-json\/wp\/v2\/media?parent=3123"}],"curies":[{"name":"wp","href":"https:\/\/api.w.org\/{rel}","templated":true}]}}