{"id":43,"date":"2017-11-08T19:49:05","date_gmt":"2017-11-09T00:49:05","guid":{"rendered":"http:\/\/wp-master-powergo.eliappwordpress1sto.elisys-servers.ca\/sample-page\/"},"modified":"2025-06-03T14:38:23","modified_gmt":"2025-06-03T18:38:23","slug":"accueil-power-go","status":"publish","type":"page","link":"https:\/\/www.polisenomarine.ca\/fr\/","title":{"rendered":"Poliseno Marine &#8211; Votre concessionnaire \u00e0 Oka"},"content":{"rendered":"<p>Bienvenue chez <strong>Poliseno Marine<\/strong>, v\u00e9ritable r\u00e9f\u00e9rence \u00e0 <strong>Oka<\/strong>, au c\u0153ur de la r\u00e9gion des <strong>Laurentides<\/strong>, pour tout ce qui a trait aux produits nautiques. Nous proposons le plus grand choix de <strong>bateaux<\/strong> et <strong>pontons<\/strong>, provenant des meilleures marques sur le march\u00e9 telles que <strong>Cranchi<\/strong>, <strong>Harris <\/strong>et\u00a0<strong>Mercury<\/strong>.<\/p>\n<div class=\"textMore\">\n<p><strong>Poliseno Marine<\/strong> se fait un point d\u2019honneur d\u2019offrir une vaste gamme de <a href=\"https:\/\/www.polisenomarine.ca\/fr\/inventaire-neuf\/\">bateaux et pontons neufs<\/a> qui satisferont autant les n\u00e9ophytes que les personnes plus exp\u00e9riment\u00e9es. Une visite sur notre site Web ou sur place est suffisante pour s\u2019en convaincre! Qualit\u00e9, renom et fiabilit\u00e9, c\u2019est ce que <strong>Poliseno Marine<\/strong> propose \u00e0 son inestimable client\u00e8le!<\/p>\n<p>Se procurer un bateau de qualit\u00e9 tout en faisant des \u00e9conomies, c\u2019est possible gr\u00e2ce \u00e0 notre d\u00e9partement d\u2019<a href=\"https:\/\/www.polisenomarine.ca\/fr\/produits-occasion\/\">occasion<\/a> et son large inventaire de bateaux fiables et s\u00e9curitaires, \u00e0 des prix comp\u00e9titifs. Nos bateaux sont inspect\u00e9s de A \u00e0 Z par nos expert\u00b7e\u00b7s du d\u00e9partement de l\u2019<a href=\"https:\/\/www.polisenomarine.ca\/fr\/service-apres-vente\/\">entretien<\/a>. C\u2019est l\u2019id\u00e9al, si l\u2019on souhaite partir sur l\u2019eau l\u2019esprit tranquille!<\/p>\n<p>Notre objectif a toujours \u00e9t\u00e9 et sera toujours d\u2019offrir \u00e0 notre client\u00e8le ce qu\u2019il y a de mieux. C\u2019est pourquoi notre \u00e9quipe fait clairement la diff\u00e9rence, pour un service des plus attentionn\u00e9s et professionnels.<\/p>\n<p>\u00c0 la recherche d\u2019un nouveau d\u00e9fi? Nous avons peut-\u00eatre une <a href=\"https:\/\/www.polisenomarine.ca\/fr\/carrieres\/\">opportunit\u00e9 d\u2019emploi<\/a> pour vous!<\/p>\n<p>N\u2019h\u00e9sitez pas \u00e0 communiquer avec nous au <a href=\"tel:+14504732626\"><span class=\"nobr phone-number\">450 473-2626<\/span><\/a> pour toute question sur nos produits et services. Vous pouvez \u00e9galement passer nous voir directement en concession \u00e0 <strong>Oka<\/strong>, dans la grande r\u00e9gion des <strong>Laurentides<\/strong>. \u00c0 bient\u00f4t!<\/p>\n<\/div>\n","protected":false},"excerpt":{"rendered":"<p>Bienvenue chez Poliseno Marine, v\u00e9ritable r\u00e9f\u00e9rence \u00e0 Oka, au c\u0153ur de la r\u00e9gion des Laurentides, pour tout ce qui a trait aux produits nautiques. Nous proposons le plus grand choix de bateaux et pontons, provenant des meilleures marques sur le march\u00e9 telles que Cranchi, Harris et\u00a0Mercury. Poliseno Marine se fait un point d\u2019honneur d\u2019offrir une &hellip; <a href=\"https:\/\/www.polisenomarine.ca\/fr\/\">Suite<\/a><\/p>\n","protected":false},"author":1,"featured_media":0,"parent":0,"menu_order":0,"comment_status":"closed","ping_status":"open","template":"","meta":[],"acf":{"homepage_ctas":[{"homepage_cta_title":"Produits neufs","homepage_cta_text":"Bateaux et pontons : d\u00e9couvrez un choix plus que complet de produits flambant neufs! Venez nous voir en concession! ","homepage_cta_image":{"ID":29882,"id":29882,"title":"img-home-NEUF","filename":"img-home-NEUF.webp","filesize":63606,"url":"https:\/\/www.polisenomarine.ca\/wp-content\/uploads\/2025\/05\/img-home-NEUF.webp","link":"https:\/\/www.polisenomarine.ca\/fr\/accueil-power-go\/img-home-neuf\/","alt":"","author":"1","description":"","caption":"","name":"img-home-neuf","status":"inherit","uploaded_to":43,"date":"2025-05-15 19:10:56","modified":"2025-05-15 19:10:56","menu_order":0,"mime_type":"image\/webp","type":"image","subtype":"webp","icon":"https:\/\/www.polisenomarine.ca\/wp-includes\/images\/media\/default.png","width":650,"height":450,"sizes":{"thumbnail":"https:\/\/www.polisenomarine.ca\/wp-content\/uploads\/2025\/05\/img-home-NEUF-150x150.webp","thumbnail-width":150,"thumbnail-height":150,"medium":"https:\/\/www.polisenomarine.ca\/wp-content\/uploads\/2025\/05\/img-home-NEUF-300x208.webp","medium-width":300,"medium-height":208,"medium_large":"https:\/\/www.polisenomarine.ca\/wp-content\/uploads\/2025\/05\/img-home-NEUF.webp","medium_large-width":650,"medium_large-height":450,"large":"https:\/\/www.polisenomarine.ca\/wp-content\/uploads\/2025\/05\/img-home-NEUF.webp","large-width":650,"large-height":450,"1536x1536":"https:\/\/www.polisenomarine.ca\/wp-content\/uploads\/2025\/05\/img-home-NEUF.webp","1536x1536-width":650,"1536x1536-height":450,"2048x2048":"https:\/\/www.polisenomarine.ca\/wp-content\/uploads\/2025\/05\/img-home-NEUF.webp","2048x2048-width":650,"2048x2048-height":450,"article-details":"https:\/\/www.polisenomarine.ca\/wp-content\/uploads\/2025\/05\/img-home-NEUF.webp","article-details-width":650,"article-details-height":450,"article-listing":"https:\/\/www.polisenomarine.ca\/wp-content\/uploads\/2025\/05\/img-home-NEUF.webp","article-listing-width":650,"article-listing-height":450,"event-details":"https:\/\/www.polisenomarine.ca\/wp-content\/uploads\/2025\/05\/img-home-NEUF.webp","event-details-width":650,"event-details-height":450,"event-listing":"https:\/\/www.polisenomarine.ca\/wp-content\/uploads\/2025\/05\/img-home-NEUF.webp","event-listing-width":650,"event-listing-height":450,"feat-article":"https:\/\/www.polisenomarine.ca\/wp-content\/uploads\/2025\/05\/img-home-NEUF.webp","feat-article-width":650,"feat-article-height":450,"feat-cta":"https:\/\/www.polisenomarine.ca\/wp-content\/uploads\/2025\/05\/img-home-NEUF.webp","feat-cta-width":650,"feat-cta-height":450,"feat-content":"https:\/\/www.polisenomarine.ca\/wp-content\/uploads\/2025\/05\/img-home-NEUF.webp","feat-content-width":650,"feat-content-height":450,"feat-event":"https:\/\/www.polisenomarine.ca\/wp-content\/uploads\/2025\/05\/img-home-NEUF.webp","feat-event-width":650,"feat-event-height":450,"feat-makes":"https:\/\/www.polisenomarine.ca\/wp-content\/uploads\/2025\/05\/img-home-NEUF-116x80.webp","feat-makes-width":116,"feat-makes-height":80,"feat-related":"https:\/\/www.polisenomarine.ca\/wp-content\/uploads\/2025\/05\/img-home-NEUF.webp","feat-related-width":650,"feat-related-height":450,"filter-category":"https:\/\/www.polisenomarine.ca\/wp-content\/uploads\/2025\/05\/img-home-NEUF-486x450.webp","filter-category-width":486,"filter-category-height":450,"products-listing-new":"https:\/\/www.polisenomarine.ca\/wp-content\/uploads\/2025\/05\/img-home-NEUF-460x318.webp","products-listing-new-width":460,"products-listing-new-height":318,"products-gallery":"https:\/\/www.polisenomarine.ca\/wp-content\/uploads\/2025\/05\/img-home-NEUF.webp","products-gallery-width":650,"products-gallery-height":450,"promos-details":"https:\/\/www.polisenomarine.ca\/wp-content\/uploads\/2025\/05\/img-home-NEUF.webp","promos-details-width":650,"promos-details-height":450,"promos-listing":"https:\/\/www.polisenomarine.ca\/wp-content\/uploads\/2025\/05\/img-home-NEUF.webp","promos-listing-width":650,"promos-listing-height":450,"relative-product-article":"https:\/\/www.polisenomarine.ca\/wp-content\/uploads\/2025\/05\/img-home-NEUF.webp","relative-product-article-width":650,"relative-product-article-height":450,"relative-product-event":"https:\/\/www.polisenomarine.ca\/wp-content\/uploads\/2025\/05\/img-home-NEUF.webp","relative-product-event-width":650,"relative-product-event-height":450,"relative-product-new":"https:\/\/www.polisenomarine.ca\/wp-content\/uploads\/2025\/05\/img-home-NEUF.webp","relative-product-new-width":650,"relative-product-new-height":450,"relative-product-promo":"https:\/\/www.polisenomarine.ca\/wp-content\/uploads\/2025\/05\/img-home-NEUF.webp","relative-product-promo-width":650,"relative-product-promo-height":450,"slider-main":"https:\/\/www.polisenomarine.ca\/wp-content\/uploads\/2025\/05\/img-home-NEUF.webp","slider-main-width":650,"slider-main-height":450,"slider-main-mobile":"https:\/\/www.polisenomarine.ca\/wp-content\/uploads\/2025\/05\/img-home-NEUF.webp","slider-main-mobile-width":650,"slider-main-mobile-height":450,"slider-main-fullwidth":"https:\/\/www.polisenomarine.ca\/wp-content\/uploads\/2025\/05\/img-home-NEUF.webp","slider-main-fullwidth-width":650,"slider-main-fullwidth-height":450,"slider-main-fullwidth-narrow":"https:\/\/www.polisenomarine.ca\/wp-content\/uploads\/2025\/05\/img-home-NEUF.webp","slider-main-fullwidth-narrow-width":650,"slider-main-fullwidth-narrow-height":450,"map-footer":"https:\/\/www.polisenomarine.ca\/wp-content\/uploads\/2025\/05\/img-home-NEUF-650x400.webp","map-footer-width":650,"map-footer-height":400,"map-footer-mobile":"https:\/\/www.polisenomarine.ca\/wp-content\/uploads\/2025\/05\/img-home-NEUF.webp","map-footer-mobile-width":650,"map-footer-mobile-height":450,"map-footer-fullwidth":"https:\/\/www.polisenomarine.ca\/wp-content\/uploads\/2025\/05\/img-home-NEUF-650x400.webp","map-footer-fullwidth-width":650,"map-footer-fullwidth-height":400,"map-footer-fullwidth-narrow":"https:\/\/www.polisenomarine.ca\/wp-content\/uploads\/2025\/05\/img-home-NEUF-650x400.webp","map-footer-fullwidth-narrow-width":650,"map-footer-fullwidth-narrow-height":400,"team-listing":"https:\/\/www.polisenomarine.ca\/wp-content\/uploads\/2025\/05\/img-home-NEUF-450x312.webp","team-listing-width":450,"team-listing-height":312,"team-sidebar":"https:\/\/www.polisenomarine.ca\/wp-content\/uploads\/2025\/05\/img-home-NEUF.webp","team-sidebar-width":650,"team-sidebar-height":450,"history-timeline":"https:\/\/www.polisenomarine.ca\/wp-content\/uploads\/2025\/05\/img-home-NEUF-380x263.webp","history-timeline-width":380,"history-timeline-height":263,"automatic-popup":"https:\/\/www.polisenomarine.ca\/wp-content\/uploads\/2025\/05\/img-home-NEUF.webp","automatic-popup-width":650,"automatic-popup-height":450,"wc-feat-brands":"https:\/\/www.polisenomarine.ca\/wp-content\/uploads\/2025\/05\/img-home-NEUF-108x75.webp","wc-feat-brands-width":108,"wc-feat-brands-height":75,"wc-products-details-brands":"https:\/\/www.polisenomarine.ca\/wp-content\/uploads\/2025\/05\/img-home-NEUF-108x75.webp","wc-products-details-brands-width":108,"wc-products-details-brands-height":75}},"homepage_cta_link_type":"internal","homepage_cta_link":"https:\/\/www.polisenomarine.ca\/fr\/inventaire-neuf\/","homepage_cta_external_link":"http:\/\/www.google.com\/","homepage_cta_link_self":true},{"homepage_cta_title":"Inventaire d\u2019occasion","homepage_cta_text":"Profitez de prix irr\u00e9sistibles gr\u00e2ce \u00e0 notre vaste s\u00e9lection de v\u00e9hicules usag\u00e9s de qualit\u00e9 et minutieusement inspect\u00e9s par nos expert\u00b7e\u00b7s. ","homepage_cta_image":{"ID":29884,"id":29884,"title":"img-home-OCCASION","filename":"img-home-OCCASION.webp","filesize":71264,"url":"https:\/\/www.polisenomarine.ca\/wp-content\/uploads\/2025\/05\/img-home-OCCASION.webp","link":"https:\/\/www.polisenomarine.ca\/fr\/accueil-power-go\/img-home-occasion\/","alt":"","author":"1","description":"","caption":"","name":"img-home-occasion","status":"inherit","uploaded_to":43,"date":"2025-05-15 19:10:58","modified":"2025-05-15 19:10:58","menu_order":0,"mime_type":"image\/webp","type":"image","subtype":"webp","icon":"https:\/\/www.polisenomarine.ca\/wp-includes\/images\/media\/default.png","width":650,"height":450,"sizes":{"thumbnail":"https:\/\/www.polisenomarine.ca\/wp-content\/uploads\/2025\/05\/img-home-OCCASION-150x150.webp","thumbnail-width":150,"thumbnail-height":150,"medium":"https:\/\/www.polisenomarine.ca\/wp-content\/uploads\/2025\/05\/img-home-OCCASION-300x208.webp","medium-width":300,"medium-height":208,"medium_large":"https:\/\/www.polisenomarine.ca\/wp-content\/uploads\/2025\/05\/img-home-OCCASION.webp","medium_large-width":650,"medium_large-height":450,"large":"https:\/\/www.polisenomarine.ca\/wp-content\/uploads\/2025\/05\/img-home-OCCASION.webp","large-width":650,"large-height":450,"1536x1536":"https:\/\/www.polisenomarine.ca\/wp-content\/uploads\/2025\/05\/img-home-OCCASION.webp","1536x1536-width":650,"1536x1536-height":450,"2048x2048":"https:\/\/www.polisenomarine.ca\/wp-content\/uploads\/2025\/05\/img-home-OCCASION.webp","2048x2048-width":650,"2048x2048-height":450,"article-details":"https:\/\/www.polisenomarine.ca\/wp-content\/uploads\/2025\/05\/img-home-OCCASION.webp","article-details-width":650,"article-details-height":450,"article-listing":"https:\/\/www.polisenomarine.ca\/wp-content\/uploads\/2025\/05\/img-home-OCCASION.webp","article-listing-width":650,"article-listing-height":450,"event-details":"https:\/\/www.polisenomarine.ca\/wp-content\/uploads\/2025\/05\/img-home-OCCASION.webp","event-details-width":650,"event-details-height":450,"event-listing":"https:\/\/www.polisenomarine.ca\/wp-content\/uploads\/2025\/05\/img-home-OCCASION.webp","event-listing-width":650,"event-listing-height":450,"feat-article":"https:\/\/www.polisenomarine.ca\/wp-content\/uploads\/2025\/05\/img-home-OCCASION.webp","feat-article-width":650,"feat-article-height":450,"feat-cta":"https:\/\/www.polisenomarine.ca\/wp-content\/uploads\/2025\/05\/img-home-OCCASION.webp","feat-cta-width":650,"feat-cta-height":450,"feat-content":"https:\/\/www.polisenomarine.ca\/wp-content\/uploads\/2025\/05\/img-home-OCCASION.webp","feat-content-width":650,"feat-content-height":450,"feat-event":"https:\/\/www.polisenomarine.ca\/wp-content\/uploads\/2025\/05\/img-home-OCCASION.webp","feat-event-width":650,"feat-event-height":450,"feat-makes":"https:\/\/www.polisenomarine.ca\/wp-content\/uploads\/2025\/05\/img-home-OCCASION-116x80.webp","feat-makes-width":116,"feat-makes-height":80,"feat-related":"https:\/\/www.polisenomarine.ca\/wp-content\/uploads\/2025\/05\/img-home-OCCASION.webp","feat-related-width":650,"feat-related-height":450,"filter-category":"https:\/\/www.polisenomarine.ca\/wp-content\/uploads\/2025\/05\/img-home-OCCASION-486x450.webp","filter-category-width":486,"filter-category-height":450,"products-listing-new":"https:\/\/www.polisenomarine.ca\/wp-content\/uploads\/2025\/05\/img-home-OCCASION-460x318.webp","products-listing-new-width":460,"products-listing-new-height":318,"products-gallery":"https:\/\/www.polisenomarine.ca\/wp-content\/uploads\/2025\/05\/img-home-OCCASION.webp","products-gallery-width":650,"products-gallery-height":450,"promos-details":"https:\/\/www.polisenomarine.ca\/wp-content\/uploads\/2025\/05\/img-home-OCCASION.webp","promos-details-width":650,"promos-details-height":450,"promos-listing":"https:\/\/www.polisenomarine.ca\/wp-content\/uploads\/2025\/05\/img-home-OCCASION.webp","promos-listing-width":650,"promos-listing-height":450,"relative-product-article":"https:\/\/www.polisenomarine.ca\/wp-content\/uploads\/2025\/05\/img-home-OCCASION.webp","relative-product-article-width":650,"relative-product-article-height":450,"relative-product-event":"https:\/\/www.polisenomarine.ca\/wp-content\/uploads\/2025\/05\/img-home-OCCASION.webp","relative-product-event-width":650,"relative-product-event-height":450,"relative-product-new":"https:\/\/www.polisenomarine.ca\/wp-content\/uploads\/2025\/05\/img-home-OCCASION.webp","relative-product-new-width":650,"relative-product-new-height":450,"relative-product-promo":"https:\/\/www.polisenomarine.ca\/wp-content\/uploads\/2025\/05\/img-home-OCCASION.webp","relative-product-promo-width":650,"relative-product-promo-height":450,"slider-main":"https:\/\/www.polisenomarine.ca\/wp-content\/uploads\/2025\/05\/img-home-OCCASION.webp","slider-main-width":650,"slider-main-height":450,"slider-main-mobile":"https:\/\/www.polisenomarine.ca\/wp-content\/uploads\/2025\/05\/img-home-OCCASION.webp","slider-main-mobile-width":650,"slider-main-mobile-height":450,"slider-main-fullwidth":"https:\/\/www.polisenomarine.ca\/wp-content\/uploads\/2025\/05\/img-home-OCCASION.webp","slider-main-fullwidth-width":650,"slider-main-fullwidth-height":450,"slider-main-fullwidth-narrow":"https:\/\/www.polisenomarine.ca\/wp-content\/uploads\/2025\/05\/img-home-OCCASION.webp","slider-main-fullwidth-narrow-width":650,"slider-main-fullwidth-narrow-height":450,"map-footer":"https:\/\/www.polisenomarine.ca\/wp-content\/uploads\/2025\/05\/img-home-OCCASION-650x400.webp","map-footer-width":650,"map-footer-height":400,"map-footer-mobile":"https:\/\/www.polisenomarine.ca\/wp-content\/uploads\/2025\/05\/img-home-OCCASION.webp","map-footer-mobile-width":650,"map-footer-mobile-height":450,"map-footer-fullwidth":"https:\/\/www.polisenomarine.ca\/wp-content\/uploads\/2025\/05\/img-home-OCCASION-650x400.webp","map-footer-fullwidth-width":650,"map-footer-fullwidth-height":400,"map-footer-fullwidth-narrow":"https:\/\/www.polisenomarine.ca\/wp-content\/uploads\/2025\/05\/img-home-OCCASION-650x400.webp","map-footer-fullwidth-narrow-width":650,"map-footer-fullwidth-narrow-height":400,"team-listing":"https:\/\/www.polisenomarine.ca\/wp-content\/uploads\/2025\/05\/img-home-OCCASION-450x312.webp","team-listing-width":450,"team-listing-height":312,"team-sidebar":"https:\/\/www.polisenomarine.ca\/wp-content\/uploads\/2025\/05\/img-home-OCCASION.webp","team-sidebar-width":650,"team-sidebar-height":450,"history-timeline":"https:\/\/www.polisenomarine.ca\/wp-content\/uploads\/2025\/05\/img-home-OCCASION-380x263.webp","history-timeline-width":380,"history-timeline-height":263,"automatic-popup":"https:\/\/www.polisenomarine.ca\/wp-content\/uploads\/2025\/05\/img-home-OCCASION.webp","automatic-popup-width":650,"automatic-popup-height":450,"wc-feat-brands":"https:\/\/www.polisenomarine.ca\/wp-content\/uploads\/2025\/05\/img-home-OCCASION-108x75.webp","wc-feat-brands-width":108,"wc-feat-brands-height":75,"wc-products-details-brands":"https:\/\/www.polisenomarine.ca\/wp-content\/uploads\/2025\/05\/img-home-OCCASION-108x75.webp","wc-products-details-brands-width":108,"wc-products-details-brands-height":75}},"homepage_cta_link_type":"internal","homepage_cta_link":"https:\/\/www.polisenomarine.ca\/fr\/produits-occasion\/","homepage_cta_external_link":"","homepage_cta_link_self":false},{"homepage_cta_title":"Service","homepage_cta_text":"Retourner sur l'eau en confiance et en s\u00e9curit\u00e9 gr\u00e2ce \u00e0 nos technicien\u00b7ne\u00b7s d\u2019exp\u00e9rience. Prenez rendez-vous maintenant!","homepage_cta_image":{"ID":29886,"id":29886,"title":"img-home-SERVICE","filename":"img-home-SERVICE.webp","filesize":36676,"url":"https:\/\/www.polisenomarine.ca\/wp-content\/uploads\/2025\/05\/img-home-SERVICE.webp","link":"https:\/\/www.polisenomarine.ca\/fr\/accueil-power-go\/img-home-service\/","alt":"","author":"1","description":"","caption":"","name":"img-home-service","status":"inherit","uploaded_to":43,"date":"2025-05-15 19:10:59","modified":"2025-05-15 19:10:59","menu_order":0,"mime_type":"image\/webp","type":"image","subtype":"webp","icon":"https:\/\/www.polisenomarine.ca\/wp-includes\/images\/media\/default.png","width":650,"height":450,"sizes":{"thumbnail":"https:\/\/www.polisenomarine.ca\/wp-content\/uploads\/2025\/05\/img-home-SERVICE-150x150.webp","thumbnail-width":150,"thumbnail-height":150,"medium":"https:\/\/www.polisenomarine.ca\/wp-content\/uploads\/2025\/05\/img-home-SERVICE-300x208.webp","medium-width":300,"medium-height":208,"medium_large":"https:\/\/www.polisenomarine.ca\/wp-content\/uploads\/2025\/05\/img-home-SERVICE.webp","medium_large-width":650,"medium_large-height":450,"large":"https:\/\/www.polisenomarine.ca\/wp-content\/uploads\/2025\/05\/img-home-SERVICE.webp","large-width":650,"large-height":450,"1536x1536":"https:\/\/www.polisenomarine.ca\/wp-content\/uploads\/2025\/05\/img-home-SERVICE.webp","1536x1536-width":650,"1536x1536-height":450,"2048x2048":"https:\/\/www.polisenomarine.ca\/wp-content\/uploads\/2025\/05\/img-home-SERVICE.webp","2048x2048-width":650,"2048x2048-height":450,"article-details":"https:\/\/www.polisenomarine.ca\/wp-content\/uploads\/2025\/05\/img-home-SERVICE.webp","article-details-width":650,"article-details-height":450,"article-listing":"https:\/\/www.polisenomarine.ca\/wp-content\/uploads\/2025\/05\/img-home-SERVICE.webp","article-listing-width":650,"article-listing-height":450,"event-details":"https:\/\/www.polisenomarine.ca\/wp-content\/uploads\/2025\/05\/img-home-SERVICE.webp","event-details-width":650,"event-details-height":450,"event-listing":"https:\/\/www.polisenomarine.ca\/wp-content\/uploads\/2025\/05\/img-home-SERVICE.webp","event-listing-width":650,"event-listing-height":450,"feat-article":"https:\/\/www.polisenomarine.ca\/wp-content\/uploads\/2025\/05\/img-home-SERVICE.webp","feat-article-width":650,"feat-article-height":450,"feat-cta":"https:\/\/www.polisenomarine.ca\/wp-content\/uploads\/2025\/05\/img-home-SERVICE.webp","feat-cta-width":650,"feat-cta-height":450,"feat-content":"https:\/\/www.polisenomarine.ca\/wp-content\/uploads\/2025\/05\/img-home-SERVICE.webp","feat-content-width":650,"feat-content-height":450,"feat-event":"https:\/\/www.polisenomarine.ca\/wp-content\/uploads\/2025\/05\/img-home-SERVICE.webp","feat-event-width":650,"feat-event-height":450,"feat-makes":"https:\/\/www.polisenomarine.ca\/wp-content\/uploads\/2025\/05\/img-home-SERVICE-116x80.webp","feat-makes-width":116,"feat-makes-height":80,"feat-related":"https:\/\/www.polisenomarine.ca\/wp-content\/uploads\/2025\/05\/img-home-SERVICE.webp","feat-related-width":650,"feat-related-height":450,"filter-category":"https:\/\/www.polisenomarine.ca\/wp-content\/uploads\/2025\/05\/img-home-SERVICE-486x450.webp","filter-category-width":486,"filter-category-height":450,"products-listing-new":"https:\/\/www.polisenomarine.ca\/wp-content\/uploads\/2025\/05\/img-home-SERVICE-460x318.webp","products-listing-new-width":460,"products-listing-new-height":318,"products-gallery":"https:\/\/www.polisenomarine.ca\/wp-content\/uploads\/2025\/05\/img-home-SERVICE.webp","products-gallery-width":650,"products-gallery-height":450,"promos-details":"https:\/\/www.polisenomarine.ca\/wp-content\/uploads\/2025\/05\/img-home-SERVICE.webp","promos-details-width":650,"promos-details-height":450,"promos-listing":"https:\/\/www.polisenomarine.ca\/wp-content\/uploads\/2025\/05\/img-home-SERVICE.webp","promos-listing-width":650,"promos-listing-height":450,"relative-product-article":"https:\/\/www.polisenomarine.ca\/wp-content\/uploads\/2025\/05\/img-home-SERVICE.webp","relative-product-article-width":650,"relative-product-article-height":450,"relative-product-event":"https:\/\/www.polisenomarine.ca\/wp-content\/uploads\/2025\/05\/img-home-SERVICE.webp","relative-product-event-width":650,"relative-product-event-height":450,"relative-product-new":"https:\/\/www.polisenomarine.ca\/wp-content\/uploads\/2025\/05\/img-home-SERVICE.webp","relative-product-new-width":650,"relative-product-new-height":450,"relative-product-promo":"https:\/\/www.polisenomarine.ca\/wp-content\/uploads\/2025\/05\/img-home-SERVICE.webp","relative-product-promo-width":650,"relative-product-promo-height":450,"slider-main":"https:\/\/www.polisenomarine.ca\/wp-content\/uploads\/2025\/05\/img-home-SERVICE.webp","slider-main-width":650,"slider-main-height":450,"slider-main-mobile":"https:\/\/www.polisenomarine.ca\/wp-content\/uploads\/2025\/05\/img-home-SERVICE.webp","slider-main-mobile-width":650,"slider-main-mobile-height":450,"slider-main-fullwidth":"https:\/\/www.polisenomarine.ca\/wp-content\/uploads\/2025\/05\/img-home-SERVICE.webp","slider-main-fullwidth-width":650,"slider-main-fullwidth-height":450,"slider-main-fullwidth-narrow":"https:\/\/www.polisenomarine.ca\/wp-content\/uploads\/2025\/05\/img-home-SERVICE.webp","slider-main-fullwidth-narrow-width":650,"slider-main-fullwidth-narrow-height":450,"map-footer":"https:\/\/www.polisenomarine.ca\/wp-content\/uploads\/2025\/05\/img-home-SERVICE-650x400.webp","map-footer-width":650,"map-footer-height":400,"map-footer-mobile":"https:\/\/www.polisenomarine.ca\/wp-content\/uploads\/2025\/05\/img-home-SERVICE.webp","map-footer-mobile-width":650,"map-footer-mobile-height":450,"map-footer-fullwidth":"https:\/\/www.polisenomarine.ca\/wp-content\/uploads\/2025\/05\/img-home-SERVICE-650x400.webp","map-footer-fullwidth-width":650,"map-footer-fullwidth-height":400,"map-footer-fullwidth-narrow":"https:\/\/www.polisenomarine.ca\/wp-content\/uploads\/2025\/05\/img-home-SERVICE-650x400.webp","map-footer-fullwidth-narrow-width":650,"map-footer-fullwidth-narrow-height":400,"team-listing":"https:\/\/www.polisenomarine.ca\/wp-content\/uploads\/2025\/05\/img-home-SERVICE-450x312.webp","team-listing-width":450,"team-listing-height":312,"team-sidebar":"https:\/\/www.polisenomarine.ca\/wp-content\/uploads\/2025\/05\/img-home-SERVICE.webp","team-sidebar-width":650,"team-sidebar-height":450,"history-timeline":"https:\/\/www.polisenomarine.ca\/wp-content\/uploads\/2025\/05\/img-home-SERVICE-380x263.webp","history-timeline-width":380,"history-timeline-height":263,"automatic-popup":"https:\/\/www.polisenomarine.ca\/wp-content\/uploads\/2025\/05\/img-home-SERVICE.webp","automatic-popup-width":650,"automatic-popup-height":450,"wc-feat-brands":"https:\/\/www.polisenomarine.ca\/wp-content\/uploads\/2025\/05\/img-home-SERVICE-108x75.webp","wc-feat-brands-width":108,"wc-feat-brands-height":75,"wc-products-details-brands":"https:\/\/www.polisenomarine.ca\/wp-content\/uploads\/2025\/05\/img-home-SERVICE-108x75.webp","wc-products-details-brands-width":108,"wc-products-details-brands-height":75}},"homepage_cta_link_type":"internal","homepage_cta_link":"https:\/\/www.polisenomarine.ca\/fr\/service-apres-vente\/","homepage_cta_external_link":"","homepage_cta_link_self":false}],"homepage_instagram":false,"homepage_facebook":false,"contact_form_custom_html_id":"","contact_form_custom_form_id":false},"_links":{"self":[{"href":"https:\/\/www.polisenomarine.ca\/fr\/wp-json\/wp\/v2\/pages\/43"}],"collection":[{"href":"https:\/\/www.polisenomarine.ca\/fr\/wp-json\/wp\/v2\/pages"}],"about":[{"href":"https:\/\/www.polisenomarine.ca\/fr\/wp-json\/wp\/v2\/types\/page"}],"author":[{"embeddable":true,"href":"https:\/\/www.polisenomarine.ca\/fr\/wp-json\/wp\/v2\/users\/1"}],"replies":[{"embeddable":true,"href":"https:\/\/www.polisenomarine.ca\/fr\/wp-json\/wp\/v2\/comments?post=43"}],"version-history":[{"count":38,"href":"https:\/\/www.polisenomarine.ca\/fr\/wp-json\/wp\/v2\/pages\/43\/revisions"}],"predecessor-version":[{"id":29989,"href":"https:\/\/www.polisenomarine.ca\/fr\/wp-json\/wp\/v2\/pages\/43\/revisions\/29989"}],"wp:attachment":[{"href":"https:\/\/www.polisenomarine.ca\/fr\/wp-json\/wp\/v2\/media?parent=43"}],"curies":[{"name":"wp","href":"https:\/\/api.w.org\/{rel}","templated":true}]}}